{"id":20316,"date":"2018-12-18T06:19:51","date_gmt":"2018-12-18T05:19:51","guid":{"rendered":"https:\/\/www.avanzaentucarrera.com\/orientacion\/estudios-en-espana\/fp\/"},"modified":"2025-05-09T12:58:41","modified_gmt":"2025-05-09T10:58:41","slug":"fp","status":"publish","type":"page","link":"https:\/\/www.avanzaentucarrera.com\/orientacion\/estudios-en-espana\/fp\/","title":{"rendered":"FP &#8211; T\u00cdTULOS DE FORMACI\u00d3N PROFESIONAL"},"content":{"rendered":"<p>Conoce todos los t\u00edtulos de Formaci\u00f3n Profesional que puedes cursar. Descubre qu\u00e9 te ense\u00f1ar\u00e1n y las salidas profesionales que ofrecen<\/p>\n","protected":false},"excerpt":{"rendered":"<p>Conoce todos los t\u00edtulos de Formaci\u00f3n Profesional que puedes cursar. Descubre qu\u00e9 te ense\u00f1ar\u00e1n y las salidas profesionales que ofrecen<\/p>\n","protected":false},"author":31,"featured_media":0,"parent":2062,"menu_order":0,"comment_status":"closed","ping_status":"closed","template":"","meta":{"footnotes":""},"class_list":["post-20316","page","type-page","status-publish","hentry"],"_links":{"self":[{"href":"https:\/\/www.avanzaentucarrera.com\/orientacion\/wp-json\/wp\/v2\/pages\/20316","targetHints":{"allow":["GET"]}}],"collection":[{"href":"https:\/\/www.avanzaentucarrera.com\/orientacion\/wp-json\/wp\/v2\/pages"}],"about":[{"href":"https:\/\/www.avanzaentucarrera.com\/orientacion\/wp-json\/wp\/v2\/types\/page"}],"author":[{"embeddable":true,"href":"https:\/\/www.avanzaentucarrera.com\/orientacion\/wp-json\/wp\/v2\/users\/31"}],"replies":[{"embeddable":true,"href":"https:\/\/www.avanzaentucarrera.com\/orientacion\/wp-json\/wp\/v2\/comments?post=20316"}],"version-history":[{"count":3,"href":"https:\/\/www.avanzaentucarrera.com\/orientacion\/wp-json\/wp\/v2\/pages\/20316\/revisions"}],"predecessor-version":[{"id":29318,"href":"https:\/\/www.avanzaentucarrera.com\/orientacion\/wp-json\/wp\/v2\/pages\/20316\/revisions\/29318"}],"up":[{"embeddable":true,"href":"https:\/\/www.avanzaentucarrera.com\/orientacion\/wp-json\/wp\/v2\/pages\/2062"}],"wp:attachment":[{"href":"https:\/\/www.avanzaentucarrera.com\/orientacion\/wp-json\/wp\/v2\/media?parent=20316"}],"curies":[{"name":"wp","href":"https:\/\/api.w.org\/{rel}","templated":true}]}}